{"id":902,"date":"2022-06-27T16:58:26","date_gmt":"2022-06-27T16:58:26","guid":{"rendered":"https:\/\/startersites.io\/elementor\/tasty\/?page_id=902"},"modified":"2025-01-08T11:08:05","modified_gmt":"2025-01-08T10:08:05","slug":"accueil","status":"publish","type":"page","link":"https:\/\/mces-mps.fr\/blog\/","title":{"rendered":"Accueil"},"content":{"rendered":"\t\t<div data-elementor-type=\"wp-page\" data-elementor-id=\"902\" class=\"elementor elementor-902\">\n\t\t\t\t<div class=\"elementor-element elementor-element-221ba95 e-flex e-con-boxed e-con e-parent\" data-id=\"221ba95\" data-element_type=\"container\" data-settings=\"{&quot;background_background&quot;:&quot;classic&quot;}\">\n\t\t\t\t\t<div class=\"e-con-inner\">\n\t\t<div class=\"elementor-element elementor-element-b050c06 e-flex e-con-boxed e-con e-child\" data-id=\"b050c06\" data-element_type=\"container\">\n\t\t\t\t\t<div class=\"e-con-inner\">\n\t\t<div class=\"elementor-element elementor-element-ad5cff5 e-con-full e-flex e-con e-child\" data-id=\"ad5cff5\" data-element_type=\"container\">\n\t\t\t\t<div class=\"elementor-element elementor-element-4495e3f elementor-widget elementor-widget-heading\" data-id=\"4495e3f\" data-element_type=\"widget\" data-widget_type=\"heading.default\">\n\t\t\t\t<div class=\"elementor-widget-container\">\n\t\t\t\t\t<h2 class=\"elementor-heading-title elementor-size-default\"><h1 style=\"margin-bottom: 1rem;font-size: 2rem;font-weight: 700;font-family: Inter, sans-serif;font-style: normal;letter-spacing: normal;text-transform: none\"><span style=\"color: var(--theme-heading-color, var(--theme-heading-2-color, var(--theme-headings-color)));font-family: var(--theme-font-family);font-size: 3rem;font-style: var(--theme-font-style, inherit);font-weight: var(--theme-font-weight);letter-spacing: var(--theme-letter-spacing);text-transform: var(--theme-text-transform);text-align: var(--text-align)\">MCES &amp; MPS : Le Blog<\/span><\/h1><\/h2>\t\t\t\t<\/div>\n\t\t\t\t<\/div>\n\t\t\t\t<div class=\"elementor-element elementor-element-c250883 elementor-widget elementor-widget-text-editor\" data-id=\"c250883\" data-element_type=\"widget\" data-widget_type=\"text-editor.default\">\n\t\t\t\t<div class=\"elementor-widget-container\">\n\t\t\t\t\t\t\t\t\t<p>Deux associations, une mission : servir avec compassion et foi<\/p>\t\t\t\t\t\t\t\t<\/div>\n\t\t\t\t<\/div>\n\t\t\t\t<\/div>\n\t\t<div class=\"elementor-element elementor-element-633748c e-con-full e-flex e-con e-child\" data-id=\"633748c\" data-element_type=\"container\">\n\t\t\t\t<div class=\"elementor-element elementor-element-79c33a9 elementor-widget elementor-widget-image\" data-id=\"79c33a9\" data-element_type=\"widget\" data-widget_type=\"image.default\">\n\t\t\t\t<div class=\"elementor-widget-container\">\n\t\t\t\t\t\t\t\t\t\t\t\t\t\t\t<img fetchpriority=\"high\" decoding=\"async\" width=\"957\" height=\"960\" src=\"https:\/\/mces-mps.fr\/blog\/wp-content\/uploads\/2025\/01\/Photo-n\u00b01.jpg\" class=\"attachment-large size-large wp-image-1007\" alt=\"\" \/>\t\t\t\t\t\t\t\t\t\t\t\t\t\t\t<\/div>\n\t\t\t\t<\/div>\n\t\t\t\t<\/div>\n\t\t\t\t\t<\/div>\n\t\t\t\t<\/div>\n\t\t\t\t\t<\/div>\n\t\t\t\t<\/div>\n\t\t<div class=\"elementor-element elementor-element-36e2b71 e-flex e-con-boxed e-con e-parent\" data-id=\"36e2b71\" data-element_type=\"container\">\n\t\t\t\t\t<div class=\"e-con-inner\">\n\t\t\t\t<div class=\"elementor-element elementor-element-630aaed elementor-widget elementor-widget-heading\" data-id=\"630aaed\" data-element_type=\"widget\" data-widget_type=\"heading.default\">\n\t\t\t\t<div class=\"elementor-widget-container\">\n\t\t\t\t\t<h2 class=\"elementor-heading-title elementor-size-default\">Nos articles<\/h2>\t\t\t\t<\/div>\n\t\t\t\t<\/div>\n\t\t\t\t<div class=\"elementor-element elementor-element-95e9557 elementor-widget elementor-widget-text-editor\" data-id=\"95e9557\" data-element_type=\"widget\" data-widget_type=\"text-editor.default\">\n\t\t\t\t<div class=\"elementor-widget-container\">\n\t\t\t\t\t\t\t\t\t<p>Parcourez nos articles pour obtenir des r\u00e9ponses \u00e0 vos questions ou pour obtenir des informations sur nos activit\u00e9s et nos projets.<\/p>\t\t\t\t\t\t\t\t<\/div>\n\t\t\t\t<\/div>\n\t\t\t\t<div class=\"elementor-element elementor-element-52350bc elementor-widget elementor-widget-shortcode\" data-id=\"52350bc\" data-element_type=\"widget\" data-widget_type=\"shortcode.default\">\n\t\t\t\t<div class=\"elementor-widget-container\">\n\t\t\t\t\t\t\t<div class=\"elementor-shortcode\"><div class=\"ct-posts-shortcode\" data-prefix=\"blog\"><div class=\"entries\" data-archive=\"default\" data-layout=\"grid\" data-cards=\"simple\"><article class=\"entry-card card-content post-1170 post type-post status-publish format-standard hentry category-enseignements-pasteur-thierry-aux-viethop-sion\" data-reveal=\"bottom:no\"><ul class=\"entry-meta\" data-type=\"simple:slash\" data-id=\"9Efk7S\" ><li class=\"meta-categories\" data-type=\"pill\"><a href=\"https:\/\/mces-mps.fr\/blog\/category\/enseignements\/enseignements-pasteur-thierry-aux-viethop-sion\/\" rel=\"tag\" class=\"ct-term-16\">Enseignements Pasteur Thierry aux VIETHOP SION<\/a><\/li><\/ul><h2 class=\"entry-title\"><a href=\"https:\/\/mces-mps.fr\/blog\/2025\/11\/les-nombres-de-la-bible\/\" rel=\"bookmark\">LES NOMBRES DE LA BIBLE<\/a><\/h2><a class=\"entry-button wp-element-button ct-button-ghost\" href=\"https:\/\/mces-mps.fr\/blog\/2025\/11\/les-nombres-de-la-bible\/\">Lire la suite<span class=\"screen-reader-text\">LES NOMBRES DE LA BIBLE<\/span><\/a><\/article><article class=\"entry-card card-content post-1167 post type-post status-publish format-standard hentry category-enseignements\" data-reveal=\"bottom:no\"><ul class=\"entry-meta\" data-type=\"simple:slash\" data-id=\"9Efk7S\" ><li class=\"meta-categories\" data-type=\"pill\"><a href=\"https:\/\/mces-mps.fr\/blog\/category\/enseignements\/\" rel=\"tag\" class=\"ct-term-13\">Enseignements Pasteure Mai<\/a><\/li><\/ul><h2 class=\"entry-title\"><a href=\"https:\/\/mces-mps.fr\/blog\/2025\/11\/la-misericorde-divine\/\" rel=\"bookmark\">LA MISERICORDE DIVINE<\/a><\/h2><a class=\"entry-button wp-element-button ct-button-ghost\" href=\"https:\/\/mces-mps.fr\/blog\/2025\/11\/la-misericorde-divine\/\">Lire la suite<span class=\"screen-reader-text\">LA MISERICORDE DIVINE<\/span><\/a><\/article><article class=\"entry-card card-content post-1164 post type-post status-publish format-standard hentry category-enseignements\" data-reveal=\"bottom:no\"><ul class=\"entry-meta\" data-type=\"simple:slash\" data-id=\"9Efk7S\" ><li class=\"meta-categories\" data-type=\"pill\"><a href=\"https:\/\/mces-mps.fr\/blog\/category\/enseignements\/\" rel=\"tag\" class=\"ct-term-13\">Enseignements Pasteure Mai<\/a><\/li><\/ul><h2 class=\"entry-title\"><a href=\"https:\/\/mces-mps.fr\/blog\/2025\/11\/jesus-christ-avant-son-incarnation-5eme-partie-le-livre-de-genese-lelection-de-dieu\/\" rel=\"bookmark\">JESUS CHRIST AVANT SON INCARNATION &#8211; 5\u00e8me Partie &#8211; LE LIVRE DE GENESE : L&rsquo;ELECTION DE DIEU<\/a><\/h2><a class=\"entry-button wp-element-button ct-button-ghost\" href=\"https:\/\/mces-mps.fr\/blog\/2025\/11\/jesus-christ-avant-son-incarnation-5eme-partie-le-livre-de-genese-lelection-de-dieu\/\">Lire la suite<span class=\"screen-reader-text\">JESUS CHRIST AVANT SON INCARNATION &#8211; 5\u00e8me Partie &#8211; LE LIVRE DE GENESE : L&rsquo;ELECTION DE DIEU<\/span><\/a><\/article><article class=\"entry-card card-content post-1161 post type-post status-publish format-standard hentry category-enseignements\" data-reveal=\"bottom:no\"><ul class=\"entry-meta\" data-type=\"simple:slash\" data-id=\"9Efk7S\" ><li class=\"meta-categories\" data-type=\"pill\"><a href=\"https:\/\/mces-mps.fr\/blog\/category\/enseignements\/\" rel=\"tag\" class=\"ct-term-13\">Enseignements Pasteure Mai<\/a><\/li><\/ul><h2 class=\"entry-title\"><a href=\"https:\/\/mces-mps.fr\/blog\/2025\/11\/jesus-christ-avant-son-incarnation-4eme-partie-le-livre-de-genese-les-prefigurations-de-jesus-christ\/\" rel=\"bookmark\">JESUS-CHRIST AVANT SON INCARNATION &#8211; 4\u00e8me Partie &#8211; LE LIVRE DE GENESE : LES PREFIGURATIONS DE JESUS-CHRIST<\/a><\/h2><a class=\"entry-button wp-element-button ct-button-ghost\" href=\"https:\/\/mces-mps.fr\/blog\/2025\/11\/jesus-christ-avant-son-incarnation-4eme-partie-le-livre-de-genese-les-prefigurations-de-jesus-christ\/\">Lire la suite<span class=\"screen-reader-text\">JESUS-CHRIST AVANT SON INCARNATION &#8211; 4\u00e8me Partie &#8211; LE LIVRE DE GENESE : LES PREFIGURATIONS DE JESUS-CHRIST<\/span><\/a><\/article><article class=\"entry-card card-content post-1159 post type-post status-publish format-standard hentry category-enseignements\" data-reveal=\"bottom:no\"><ul class=\"entry-meta\" data-type=\"simple:slash\" data-id=\"9Efk7S\" ><li class=\"meta-categories\" data-type=\"pill\"><a href=\"https:\/\/mces-mps.fr\/blog\/category\/enseignements\/\" rel=\"tag\" class=\"ct-term-13\">Enseignements Pasteure Mai<\/a><\/li><\/ul><h2 class=\"entry-title\"><a href=\"https:\/\/mces-mps.fr\/blog\/2025\/11\/jesus-christ-avant-son-incarnation-3eme-partie-le-livre-de-genese-genealogie-de-sem-lappel-dabraham\/\" rel=\"bookmark\">JESUS-CHRIST AVANT SON INCARNATION 3\u00e8me partie &#8211; LE LIVRE DE GENESE : GENEALOGIE DE SEM &amp; l&rsquo;APPEL D&rsquo;ABRAHAM<\/a><\/h2><a class=\"entry-button wp-element-button ct-button-ghost\" href=\"https:\/\/mces-mps.fr\/blog\/2025\/11\/jesus-christ-avant-son-incarnation-3eme-partie-le-livre-de-genese-genealogie-de-sem-lappel-dabraham\/\">Lire la suite<span class=\"screen-reader-text\">JESUS-CHRIST AVANT SON INCARNATION 3\u00e8me partie &#8211; LE LIVRE DE GENESE : GENEALOGIE DE SEM &amp; l&rsquo;APPEL D&rsquo;ABRAHAM<\/span><\/a><\/article><article class=\"entry-card card-content post-1153 post type-post status-publish format-standard hentry category-enseignements\" data-reveal=\"bottom:no\"><ul class=\"entry-meta\" data-type=\"simple:slash\" data-id=\"9Efk7S\" ><li class=\"meta-categories\" data-type=\"pill\"><a href=\"https:\/\/mces-mps.fr\/blog\/category\/enseignements\/\" rel=\"tag\" class=\"ct-term-13\">Enseignements Pasteure Mai<\/a><\/li><\/ul><h2 class=\"entry-title\"><a href=\"https:\/\/mces-mps.fr\/blog\/2025\/11\/1153\/\" rel=\"bookmark\">JESUS-CHRIST AVANT SON INCARNATION 2\u00e8me Partie &#8211; LE LIVRE DE GENESE : GENEALOGIES ET LES 70 NATIONS<\/a><\/h2><a class=\"entry-button wp-element-button ct-button-ghost\" href=\"https:\/\/mces-mps.fr\/blog\/2025\/11\/1153\/\">Lire la suite<span class=\"screen-reader-text\">JESUS-CHRIST AVANT SON INCARNATION 2\u00e8me Partie &#8211; LE LIVRE DE GENESE : GENEALOGIES ET LES 70 NATIONS<\/span><\/a><\/article><\/div><\/div><\/div>\n\t\t\t\t\t\t<\/div>\n\t\t\t\t<\/div>\n\t\t\t\t\t<\/div>\n\t\t\t\t<\/div>\n\t\t<div class=\"elementor-element elementor-element-00e9783 e-flex e-con-boxed e-con e-parent\" data-id=\"00e9783\" data-element_type=\"container\" data-settings=\"{&quot;background_background&quot;:&quot;classic&quot;}\">\n\t\t\t\t\t<div class=\"e-con-inner\">\n\t\t\t\t<div class=\"elementor-element elementor-element-e1037cb elementor-widget elementor-widget-heading\" data-id=\"e1037cb\" data-element_type=\"widget\" data-widget_type=\"heading.default\">\n\t\t\t\t<div class=\"elementor-widget-container\">\n\t\t\t\t\t<h2 class=\"elementor-heading-title elementor-size-default\">D\u00e9couvrez les fondateurs de MCES &amp; MPS<\/h2>\t\t\t\t<\/div>\n\t\t\t\t<\/div>\n\t\t<div class=\"elementor-element elementor-element-bcde530 e-flex e-con-boxed e-con e-child\" data-id=\"bcde530\" data-element_type=\"container\">\n\t\t\t\t\t<div class=\"e-con-inner\">\n\t\t<div class=\"elementor-element elementor-element-7e07920 e-flex e-con-boxed e-con e-child\" data-id=\"7e07920\" data-element_type=\"container\">\n\t\t\t\t\t<div class=\"e-con-inner\">\n\t\t\t\t<div class=\"elementor-element elementor-element-4942fa6 elementor-position-top elementor-widget elementor-widget-image-box\" data-id=\"4942fa6\" data-element_type=\"widget\" data-widget_type=\"image-box.default\">\n\t\t\t\t<div class=\"elementor-widget-container\">\n\t\t\t\t\t<div class=\"elementor-image-box-wrapper\"><figure class=\"elementor-image-box-img\"><img decoding=\"async\" src=\"https:\/\/mces-mps.fr\/blog\/wp-content\/uploads\/elementor\/thumbs\/fondateurs-qzp6mu5w1pxozgwnmaj46m1pz7ar6uqkx69ses5u84.png\" title=\"fondateurs\" alt=\"fondateurs\" loading=\"lazy\" \/><\/figure><div class=\"elementor-image-box-content\"><h6 class=\"elementor-image-box-title\">CARRY Hoang-Mai &amp; CARRY Thierry<\/h6><p class=\"elementor-image-box-description\">Pasteure &amp; Vice Pr\u00e9sidente &amp; Pasteur et Pr\u00e9sident de MCES &amp; MPS<\/p><\/div><\/div>\t\t\t\t<\/div>\n\t\t\t\t<\/div>\n\t\t\t\t<div class=\"elementor-element elementor-element-c80257d elementor-shape-circle elementor-grid-0 e-grid-align-center elementor-widget elementor-widget-social-icons\" data-id=\"c80257d\" data-element_type=\"widget\" data-widget_type=\"social-icons.default\">\n\t\t\t\t<div class=\"elementor-widget-container\">\n\t\t\t\t\t\t\t<div class=\"elementor-social-icons-wrapper elementor-grid\">\n\t\t\t\t\t\t\t<span class=\"elementor-grid-item\">\n\t\t\t\t\t<a class=\"elementor-icon elementor-social-icon elementor-social-icon-facebook-f elementor-repeater-item-d086674\" href=\"https:\/\/www.facebook.com\/profile.php?id=100064554592139\" target=\"_blank\">\n\t\t\t\t\t\t<span class=\"elementor-screen-only\">Facebook-f<\/span>\n\t\t\t\t\t\t<svg aria-hidden=\"true\" class=\"e-font-icon-svg e-fab-facebook-f\" viewBox=\"0 0 320 512\" xmlns=\"http:\/\/www.w3.org\/2000\/svg\"><path d=\"M279.14 288l14.22-92.66h-88.91v-60.13c0-25.35 12.42-50.06 52.24-50.06h40.42V6.26S260.43 0 225.36 0c-73.22 0-121.08 44.38-121.08 124.72v70.62H22.89V288h81.39v224h100.17V288z\"><\/path><\/svg>\t\t\t\t\t<\/a>\n\t\t\t\t<\/span>\n\t\t\t\t\t<\/div>\n\t\t\t\t\t\t<\/div>\n\t\t\t\t<\/div>\n\t\t\t\t\t<\/div>\n\t\t\t\t<\/div>\n\t\t\t\t\t<\/div>\n\t\t\t\t<\/div>\n\t\t\t\t\t<\/div>\n\t\t\t\t<\/div>\n\t\t\t\t<\/div>\n\t\t","protected":false},"excerpt":{"rendered":"<p>MCES &amp; MPS : Le Blog Deux associations, une mission : servir avec compassion et foi Nos articles Parcourez nos articles pour obtenir des r\u00e9ponses \u00e0 vos questions ou pour obtenir des informations sur nos activit\u00e9s et nos projets. D\u00e9couvrez les fondateurs de MCES &amp; MPS CARRY Hoang-Mai &amp; CARRY Thierry Pasteure &#038; Vice Pr\u00e9sidente [&hellip;]<\/p>\n","protected":false},"author":1,"featured_media":0,"parent":0,"menu_order":0,"comment_status":"closed","ping_status":"closed","template":"","meta":{"footnotes":""},"class_list":["post-902","page","type-page","status-publish","hentry"],"blocksy_meta":{"page_title_panel":"","has_hero_section":"disabled","5b8f58a7d00eebcdf1b39e107f27565c":"","hero_section":"type-1","hero_elements":[{"id":"custom_title","enabled":true,"heading_tag":"h1","title":"Home"},{"id":"custom_description","enabled":true,"description_visibility":{"desktop":true,"tablet":true,"mobile":false}},{"id":"custom_meta","enabled":false,"meta_elements":[{"id":"author","enabled":true,"label":"By","has_author_avatar":"yes","avatar_size":25},{"id":"post_date","enabled":true,"label":"On","date_format_source":"default","date_format":"M j, Y"},{"id":"updated_date","enabled":false,"label":"On","date_format_source":"default","date_format":"M j, Y"},{"id":"categories","enabled":false,"label":"In","style":"simple"},{"id":"comments","enabled":true}],"page_meta_elements":{"joined":true,"articles_count":true,"comments":true}},{"id":"breadcrumbs","enabled":false}],"6a780d8358f7749d3209388f5cf3e102":"","hero_alignment1":"CT_CSS_SKIP_RULE","hero_margin":40,"hero_alignment2":"center","hero_vertical_alignment":"center","aeb7fc5c37df6ce32c2652800b590b75":"","hero_structure":"narrow","31c480dffc4e8ad0042320fa1dc69be3":"","page_title_bg_type":"featured_image","custom_hero_background":{"attachment_id":null},"page_title_image_size":"full","parallax":{"desktop":false,"tablet":false,"mobile":false},"430ab52900e1df34ff50e650d97dabde":"","hero_height":"250px","pageTitleFont":{"family":"Default","variation":"Default","size":"30px","line-height":"CT_CSS_SKIP_RULE","letter-spacing":"CT_CSS_SKIP_RULE","text-transform":"CT_CSS_SKIP_RULE","text-decoration":"CT_CSS_SKIP_RULE"},"pageTitleFontColor":{"default":{"color":"CT_CSS_SKIP_RULEDEFAULT"}},"pageMetaFont":{"family":"Default","variation":"n6","size":"12px","line-height":"1.3","letter-spacing":"CT_CSS_SKIP_RULE","text-transform":"uppercase","text-decoration":"CT_CSS_SKIP_RULE"},"pageMetaFontColor":{"default":{"color":"CT_CSS_SKIP_RULEDEFAULT"},"hover":{"color":"CT_CSS_SKIP_RULEDEFAULT"}},"page_meta_button_type_font_colors":{"default":{"color":"CT_CSS_SKIP_RULEDEFAULT"},"hover":{"color":"CT_CSS_SKIP_RULEDEFAULT"}},"page_meta_button_type_background_colors":{"default":{"color":"CT_CSS_SKIP_RULEDEFAULT"},"hover":{"color":"CT_CSS_SKIP_RULEDEFAULT"}},"pageExcerptFont":{"family":"Default","variation":"Default","size":"CT_CSS_SKIP_RULE","line-height":"CT_CSS_SKIP_RULE","letter-spacing":"CT_CSS_SKIP_RULE","text-transform":"CT_CSS_SKIP_RULE","text-decoration":"CT_CSS_SKIP_RULE"},"pageExcerptColor":{"default":{"color":"CT_CSS_SKIP_RULEDEFAULT"}},"breadcrumbsFont":{"family":"Default","variation":"Default","size":"CT_CSS_SKIP_RULE","line-height":"CT_CSS_SKIP_RULE","letter-spacing":"CT_CSS_SKIP_RULE","text-transform":"CT_CSS_SKIP_RULE","text-decoration":"CT_CSS_SKIP_RULE"},"breadcrumbsFontColor":{"default":{"color":"CT_CSS_SKIP_RULEDEFAULT"},"initial":{"color":"CT_CSS_SKIP_RULEDEFAULT"},"hover":{"color":"CT_CSS_SKIP_RULEDEFAULT"}},"pageTitleOverlay":{"background_type":"color","background_pattern":"type-1","background_image":{"attachment_id":null,"x":0,"y":0},"gradient":"linear-gradient(135deg,rgba(6,147,227,1) 0%,rgb(155,81,224) 100%)","background_repeat":"repeat","background_size":"auto","background_attachment":"scroll","patternColor":{"default":{"color":"#e5e7ea"}},"overlayColor":{"default":{"color":"CT_CSS_SKIP_RULE"}},"backgroundColor":{"default":{"color":"CT_CSS_SKIP_RULE"}}},"pageTitleBackground":{"background_type":"color","background_pattern":"type-1","background_image":{"attachment_id":null,"x":0,"y":0},"gradient":"linear-gradient(135deg,rgba(6,147,227,1) 0%,rgb(155,81,224) 100%)","background_repeat":"repeat","background_size":"auto","background_attachment":"scroll","patternColor":{"default":{"color":"#e5e7ea"}},"overlayColor":{"default":{"color":"CT_CSS_SKIP_RULE"}},"backgroundColor":{"default":{"color":"var(--theme-palette-color-6)"}}},"pageTitlePadding":{"top":"50px","bottom":"50px","left":"auto","right":"auto","linked":true},"08b9461e259b714af1e430503c5721ef":"","page_structure_type":"default","46064d3b3b7967c5221e0131bbac5d0b":"","content_style_source":"inherit","content_style":"wide","vertical_spacing_source":"custom","content_area_spacing":"none","background":{"background_type":"color","background_pattern":"type-1","background_image":{"attachment_id":null,"x":0,"y":0},"gradient":"linear-gradient(135deg,rgba(6,147,227,1) 0%,rgb(155,81,224) 100%)","background_repeat":"repeat","background_size":"auto","background_attachment":"scroll","patternColor":{"default":{"color":"#e5e7ea"}},"overlayColor":{"default":{"color":"CT_CSS_SKIP_RULE"}},"backgroundColor":{"default":{"color":"CT_CSS_SKIP_RULE"}}},"content_background":{"background_type":"color","background_pattern":"type-1","background_image":{"attachment_id":null,"x":0,"y":0},"gradient":"linear-gradient(135deg,rgba(6,147,227,1) 0%,rgb(155,81,224) 100%)","background_repeat":"repeat","background_size":"auto","background_attachment":"scroll","patternColor":{"default":{"color":"#e5e7ea"}},"overlayColor":{"default":{"color":"CT_CSS_SKIP_RULE"}},"backgroundColor":{"default":{"color":"var(--theme-palette-color-8)"}}},"content_boxed_shadow":{"inherit":false,"blur":18,"spread":-6,"v_offset":12,"h_offset":0,"inset":false,"enable":true,"color":{"color":"rgba(34, 56, 101, 0.04)"}},"content_boxed_border":{"width":1,"style":"none","color":{"color":"rgba(44,62,80,0.2)"}},"content_boxed_radius":{"top":"3px","bottom":"3px","left":"3px","right":"3px","linked":true},"boxed_content_spacing":{"desktop":{"top":"40px","bottom":"40px","left":"40px","right":"40px","linked":true},"tablet":{"top":"35px","bottom":"35px","left":"35px","right":"35px","linked":true},"mobile":{"top":"20px","bottom":"20px","left":"20px","right":"20px","linked":true}},"376b97430f937d3717273866b6ec31d5":"","disable_featured_image":"no","disable_share_box":"no","disable_header":"no","disable_footer":"no","styles_descriptor":{"styles":{"desktop":"","tablet":"","mobile":""},"google_fonts":[],"version":6}},"_links":{"self":[{"href":"https:\/\/mces-mps.fr\/blog\/wp-json\/wp\/v2\/pages\/902","targetHints":{"allow":["GET"]}}],"collection":[{"href":"https:\/\/mces-mps.fr\/blog\/wp-json\/wp\/v2\/pages"}],"about":[{"href":"https:\/\/mces-mps.fr\/blog\/wp-json\/wp\/v2\/types\/page"}],"author":[{"embeddable":true,"href":"https:\/\/mces-mps.fr\/blog\/wp-json\/wp\/v2\/users\/1"}],"replies":[{"embeddable":true,"href":"https:\/\/mces-mps.fr\/blog\/wp-json\/wp\/v2\/comments?post=902"}],"version-history":[{"count":34,"href":"https:\/\/mces-mps.fr\/blog\/wp-json\/wp\/v2\/pages\/902\/revisions"}],"predecessor-version":[{"id":1032,"href":"https:\/\/mces-mps.fr\/blog\/wp-json\/wp\/v2\/pages\/902\/revisions\/1032"}],"wp:attachment":[{"href":"https:\/\/mces-mps.fr\/blog\/wp-json\/wp\/v2\/media?parent=902"}],"curies":[{"name":"wp","href":"https:\/\/api.w.org\/{rel}","templated":true}]}}